{"id":265,"date":"2021-03-09T17:50:22","date_gmt":"2021-03-09T17:50:22","guid":{"rendered":"https:\/\/cursosbiodescodificacion.com\/cursos\/?page_id=265"},"modified":"2021-12-13T17:24:58","modified_gmt":"2021-12-13T17:24:58","slug":"clt-que-es","status":"publish","type":"page","link":"https:\/\/cursosbiodescodificacion.com\/cursos\/clt-que-es\/","title":{"rendered":"CLT que es"},"content":{"rendered":"\t\t<div data-elementor-type=\"wp-page\" data-elementor-id=\"265\" class=\"elementor elementor-265\" data-elementor-post-type=\"page\">\n\t\t\t\t\t\t<section class=\"elementor-section elementor-top-section elementor-element elementor-element-14ccda7e elementor-section-height-min-height elementor-section-boxed elementor-section-height-default elementor-section-items-middle\" data-id=\"14ccda7e\" data-element_type=\"section\" data-e-type=\"section\" data-settings=\"{&quot;background_background&quot;:&quot;classic&quot;}\">\n\t\t\t\t\t\t\t<div class=\"elementor-background-overlay\"><\/div>\n\t\t\t\t\t\t\t<div class=\"elementor-container elementor-column-gap-no\">\n\t\t\t\t\t<div class=\"elementor-column elementor-col-50 elementor-top-column elementor-element elementor-element-7499d523\" data-id=\"7499d523\" data-element_type=\"column\" data-e-type=\"column\">\n\t\t\t<div class=\"elementor-widget-wrap elementor-element-populated\">\n\t\t\t\t\t\t<div class=\"elementor-element elementor-element-6858db5 elementor-widget elementor-widget-heading\" data-id=\"6858db5\" data-element_type=\"widget\" data-e-type=\"widget\" data-widget_type=\"heading.default\">\n\t\t\t\t<div class=\"elementor-widget-container\">\n\t\t\t\t\t<h2 class=\"elementor-heading-title elementor-size-default\">CAMBIO DE LINEA DE TIEMPO (CLT)\n<\/h2>\t\t\t\t<\/div>\n\t\t\t\t<\/div>\n\t\t\t\t<div class=\"elementor-element elementor-element-3bb4d21 elementor-widget elementor-widget-text-editor\" data-id=\"3bb4d21\" data-element_type=\"widget\" data-e-type=\"widget\" data-widget_type=\"text-editor.default\">\n\t\t\t\t<div class=\"elementor-widget-container\">\n\t\t\t\t\t\t\t\t\tDada la situaci\u00f3n mundial actual, m\u00e1s que nunca no tengo dudas que tomar \nel curso de CLT (Cambio de L\u00ednea de Tiempo), generar\u00e1 una revoluci\u00f3n \nampliamente positiva en su vida, no solo por saber c\u00f3mo sanarnos,\nanticiparnos a cualquier enfermedad que nos pudiese afectar, y\/o ayudar a \nsanar a otras personas, sino tambi\u00e9n, poder incorporar una actividad \npotencialmente rentable, adem\u00e1s de encontrar el camino hacia nuestro \nbienestar, paz y felicidad, y muchas cosas m\u00e1s que usted ni se imagina \ntodav\u00eda. \n\t\t\t\t\t\t\t\t<\/div>\n\t\t\t\t<\/div>\n\t\t\t\t\t<\/div>\n\t\t<\/div>\n\t\t\t\t<div class=\"elementor-column elementor-col-50 elementor-top-column elementor-element elementor-element-69bcf17\" data-id=\"69bcf17\" data-element_type=\"column\" data-e-type=\"column\">\n\t\t\t<div class=\"elementor-widget-wrap elementor-element-populated\">\n\t\t\t\t\t\t<div class=\"elementor-element elementor-element-9bbf244 elementor-widget elementor-widget-video\" data-id=\"9bbf244\" data-element_type=\"widget\" data-e-type=\"widget\" data-settings=\"{&quot;youtube_url&quot;:&quot;https:\\\/\\\/www.youtube.com\\\/watch?v=zDLHMiuzUQ4&amp;ab_channel=ernestogonzalezbiodescodificacionenArgentina&quot;,&quot;yt_privacy&quot;:&quot;yes&quot;,&quot;show_image_overlay&quot;:&quot;yes&quot;,&quot;image_overlay&quot;:{&quot;url&quot;:&quot;&quot;,&quot;id&quot;:&quot;&quot;,&quot;size&quot;:&quot;&quot;},&quot;video_type&quot;:&quot;youtube&quot;,&quot;controls&quot;:&quot;yes&quot;}\" data-widget_type=\"video.default\">\n\t\t\t\t<div class=\"elementor-widget-container\">\n\t\t\t\t\t\t\t<div class=\"elementor-wrapper elementor-open-inline\">\n\t\t\t<div class=\"elementor-video\"><\/div>\t\t<\/div>\n\t\t\t\t\t\t<\/div>\n\t\t\t\t<\/div>\n\t\t\t\t\t<\/div>\n\t\t<\/div>\n\t\t\t\t\t<\/div>\n\t\t<\/section>\n\t\t\t\t<section class=\"elementor-section elementor-top-section elementor-element elementor-element-a74db3a elementor-section-height-min-height elementor-section-items-stretch elementor-section-boxed elementor-section-height-default elementor-invisible\" data-id=\"a74db3a\" data-element_type=\"section\" data-e-type=\"section\" data-settings=\"{&quot;animation&quot;:&quot;fadeIn&quot;,&quot;background_background&quot;:&quot;classic&quot;}\">\n\t\t\t\t\t\t<div class=\"elementor-container elementor-column-gap-default\">\n\t\t\t\t\t<div class=\"elementor-column elementor-col-100 elementor-top-column elementor-element elementor-element-887eca1 elementor-invisible\" data-id=\"887eca1\" data-element_type=\"column\" data-e-type=\"column\" data-settings=\"{&quot;background_background&quot;:&quot;classic&quot;,&quot;animation&quot;:&quot;fadeIn&quot;}\">\n\t\t\t<div class=\"elementor-widget-wrap elementor-element-populated\">\n\t\t\t\t\t\t<div class=\"elementor-element elementor-element-de07825 elementor-widget elementor-widget-heading\" data-id=\"de07825\" data-element_type=\"widget\" data-e-type=\"widget\" data-widget_type=\"heading.default\">\n\t\t\t\t<div class=\"elementor-widget-container\">\n\t\t\t\t\t<h2 class=\"elementor-heading-title elementor-size-xxl\">Su vida har\u00e1 un giro hacia una perspectiva ampliamente superadora,\ncomo me han dicho muchos de mis alumnos luego de un tiempo de haber \nincorporado este revolucionario conocimiento: <\/h2>\t\t\t\t<\/div>\n\t\t\t\t<\/div>\n\t\t\t\t<div class=\"elementor-element elementor-element-5943ab5 elementor-widget elementor-widget-heading\" data-id=\"5943ab5\" data-element_type=\"widget\" data-e-type=\"widget\" data-widget_type=\"heading.default\">\n\t\t\t\t<div class=\"elementor-widget-container\">\n\t\t\t\t\t<h2 class=\"elementor-heading-title elementor-size-default\">\"ERNESTO, MI VIDA ES UN \nANTES Y UN DESPU\u00c9S DE HABER HECHO EL CURSO DE CLT\u201d. \n<\/h2>\t\t\t\t<\/div>\n\t\t\t\t<\/div>\n\t\t\t\t\t<\/div>\n\t\t<\/div>\n\t\t\t\t\t<\/div>\n\t\t<\/section>\n\t\t\t\t<section class=\"elementor-section elementor-top-section elementor-element elementor-element-645b1a6 elementor-section-height-min-height elementor-section-items-stretch elementor-section-boxed elementor-section-height-default elementor-invisible\" data-id=\"645b1a6\" data-element_type=\"section\" data-e-type=\"section\" data-settings=\"{&quot;animation&quot;:&quot;fadeIn&quot;,&quot;background_background&quot;:&quot;classic&quot;,&quot;shape_divider_top&quot;:&quot;waves&quot;}\">\n\t\t\t\t\t<div class=\"elementor-shape elementor-shape-top\" aria-hidden=\"true\" data-negative=\"false\">\n\t\t\t<svg xmlns=\"http:\/\/www.w3.org\/2000\/svg\" viewBox=\"0 0 1000 100\" preserveAspectRatio=\"none\">\n\t<path class=\"elementor-shape-fill\" d=\"M421.9,6.5c22.6-2.5,51.5,0.4,75.5,5.3c23.6,4.9,70.9,23.5,100.5,35.7c75.8,32.2,133.7,44.5,192.6,49.7\n\tc23.6,2.1,48.7,3.5,103.4-2.5c54.7-6,106.2-25.6,106.2-25.6V0H0v30.3c0,0,72,32.6,158.4,30.5c39.2-0.7,92.8-6.7,134-22.4\n\tc21.2-8.1,52.2-18.2,79.7-24.2C399.3,7.9,411.6,7.5,421.9,6.5z\"\/>\n<\/svg>\t\t<\/div>\n\t\t\t\t\t<div class=\"elementor-container elementor-column-gap-default\">\n\t\t\t\t\t<div class=\"elementor-column elementor-col-50 elementor-top-column elementor-element elementor-element-8dca751\" data-id=\"8dca751\" data-element_type=\"column\" data-e-type=\"column\" data-settings=\"{&quot;background_background&quot;:&quot;classic&quot;}\">\n\t\t\t<div class=\"elementor-widget-wrap elementor-element-populated\">\n\t\t\t\t\t\t<div class=\"elementor-element elementor-element-f2ecf90 elementor-widget elementor-widget-spacer\" data-id=\"f2ecf90\" data-element_type=\"widget\" data-e-type=\"widget\" data-widget_type=\"spacer.default\">\n\t\t\t\t<div class=\"elementor-widget-container\">\n\t\t\t\t\t\t\t<div class=\"elementor-spacer\">\n\t\t\t<div class=\"elementor-spacer-inner\"><\/div>\n\t\t<\/div>\n\t\t\t\t\t\t<\/div>\n\t\t\t\t<\/div>\n\t\t\t\t\t<\/div>\n\t\t<\/div>\n\t\t\t\t<div class=\"elementor-column elementor-col-50 elementor-top-column elementor-element elementor-element-f34bf2f\" data-id=\"f34bf2f\" data-element_type=\"column\" data-e-type=\"column\" data-settings=\"{&quot;background_background&quot;:&quot;classic&quot;}\">\n\t\t\t<div class=\"elementor-widget-wrap elementor-element-populated\">\n\t\t\t\t\t\t<div class=\"elementor-element elementor-element-19f85b5 elementor-widget elementor-widget-heading\" data-id=\"19f85b5\" data-element_type=\"widget\" data-e-type=\"widget\" data-widget_type=\"heading.default\">\n\t\t\t\t<div class=\"elementor-widget-container\">\n\t\t\t\t\t<h2 class=\"elementor-heading-title elementor-size-xxl\">CAMBIO DE LINEA DE TIEMPO (CLT)\n<\/h2>\t\t\t\t<\/div>\n\t\t\t\t<\/div>\n\t\t\t\t<div class=\"elementor-element elementor-element-80a6cac elementor-invisible elementor-widget elementor-widget-text-editor\" data-id=\"80a6cac\" data-element_type=\"widget\" data-e-type=\"widget\" data-settings=\"{&quot;_animation&quot;:&quot;fadeInUp&quot;,&quot;_animation_delay&quot;:500}\" data-widget_type=\"text-editor.default\">\n\t\t\t\t<div class=\"elementor-widget-container\">\n\t\t\t\t\t\t\t\t\t<p>No creo estar exagerando al decir que esta t\u00e9cnica es ampliamente superadora, ya que lo he comprobado a lo largo de a\u00f1os ininterrumpidos de aplicarla con un \u00e9xito que a m\u00ed mismo me ha sorprendido, cuando reemplac\u00e9 las t\u00e9cnicas anteriormente mencionadas (PNL, Hipnosis ericksonana, tecnicas de integracion cerebral, etc), por el CLT (cambio de l\u00ednea de tiempo) se elevo exponencialmente no solo el porcentaje de personas que lograron el resultado buscado, sino tambi\u00e9n la rapidez y eficiencia de estos.<br \/><br \/>Adem\u00e1s si bien necesita una serie de detalles en su ejecuci\u00f3n es una t\u00e9cnica f\u00e1cil de aprender y aplicar.<\/p>\t\t\t\t\t\t\t\t<\/div>\n\t\t\t\t<\/div>\n\t\t\t\t\t<\/div>\n\t\t<\/div>\n\t\t\t\t\t<\/div>\n\t\t<\/section>\n\t\t\t\t<section class=\"elementor-section elementor-top-section elementor-element elementor-element-40001813 elementor-section-height-min-height elementor-section-boxed elementor-section-height-default elementor-section-items-middle\" data-id=\"40001813\" data-element_type=\"section\" data-e-type=\"section\" data-settings=\"{&quot;background_background&quot;:&quot;classic&quot;,&quot;shape_divider_bottom_negative&quot;:&quot;yes&quot;,&quot;shape_divider_bottom&quot;:&quot;split&quot;}\">\n\t\t\t\t\t\t\t<div class=\"elementor-background-overlay\"><\/div>\n\t\t\t\t\t\t<div class=\"elementor-shape elementor-shape-bottom\" aria-hidden=\"true\" data-negative=\"true\">\n\t\t\t<svg xmlns=\"http:\/\/www.w3.org\/2000\/svg\" viewBox=\"0 0 1000 20\" preserveAspectRatio=\"none\">\n\t<path class=\"elementor-shape-fill\" d=\"M519.8,0.2c-11,0-19.8,8.5-19.8,19c0-10.4-8.8-19-19.8-19L0,0v20h1000V0.2H519.8z\"\/>\n<\/svg>\t\t<\/div>\n\t\t\t\t\t<div class=\"elementor-container elementor-column-gap-default\">\n\t\t\t\t\t<div class=\"elementor-column elementor-col-100 elementor-top-column elementor-element elementor-element-714575aa\" data-id=\"714575aa\" data-element_type=\"column\" data-e-type=\"column\">\n\t\t\t<div class=\"elementor-widget-wrap elementor-element-populated\">\n\t\t\t\t\t\t<div class=\"elementor-element elementor-element-5e25f2b7 elementor-widget elementor-widget-heading\" data-id=\"5e25f2b7\" data-element_type=\"widget\" data-e-type=\"widget\" data-widget_type=\"heading.default\">\n\t\t\t\t<div class=\"elementor-widget-container\">\n\t\t\t\t\t<h1 class=\"elementor-heading-title elementor-size-default\">\u00bfQu\u00e9 es Cambio de L\u00ednea de Tiempo?\n<\/h1>\t\t\t\t<\/div>\n\t\t\t\t<\/div>\n\t\t\t\t<div class=\"elementor-element elementor-element-15355eed elementor-invisible elementor-widget elementor-widget-text-editor\" data-id=\"15355eed\" data-element_type=\"widget\" data-e-type=\"widget\" data-settings=\"{&quot;_animation&quot;:&quot;fadeInUp&quot;,&quot;_animation_delay&quot;:500}\" data-widget_type=\"text-editor.default\">\n\t\t\t\t<div class=\"elementor-widget-container\">\n\t\t\t\t\t\t\t\t\t<p>El Cambio de L\u00ednea de Tiempo o Desdoblamiento del Teimpo en una t\u00e9cnica para decodificar patrones emocionales que nos dar\u00e1 como resultado la sanaci\u00f3n de m\u00faltiples \u201cenfermedades \u201cy\/o el mejoramiento del estado de vida de una persona.<br \/>El CLT es una t\u00e9cnica que integra la nueva medicina germ\u00e1nica, la epigenetica , la f\u00edsica cu\u00e1ntica y los descubrimientos del Dr. Jean Pierre Garnier (desdoblamiento del tiempo).<\/p>\t\t\t\t\t\t\t\t<\/div>\n\t\t\t\t<\/div>\n\t\t\t\t\t<\/div>\n\t\t<\/div>\n\t\t\t\t\t<\/div>\n\t\t<\/section>\n\t\t\t\t<section class=\"elementor-section elementor-top-section elementor-element elementor-element-466f157 elementor-section-boxed elementor-section-height-default elementor-section-height-default\" data-id=\"466f157\" data-element_type=\"section\" data-e-type=\"section\" data-settings=\"{&quot;background_background&quot;:&quot;classic&quot;}\">\n\t\t\t\t\t\t\t<div class=\"elementor-background-overlay\"><\/div>\n\t\t\t\t\t\t\t<div class=\"elementor-container elementor-column-gap-default\">\n\t\t\t\t\t<div class=\"elementor-column elementor-col-100 elementor-top-column elementor-element elementor-element-eaca9b9\" data-id=\"eaca9b9\" data-element_type=\"column\" data-e-type=\"column\">\n\t\t\t<div class=\"elementor-widget-wrap elementor-element-populated\">\n\t\t\t\t\t\t<div class=\"elementor-element elementor-element-03212c2 elementor-widget elementor-widget-text-editor\" data-id=\"03212c2\" data-element_type=\"widget\" data-e-type=\"widget\" data-widget_type=\"text-editor.default\">\n\t\t\t\t<div class=\"elementor-widget-container\">\n\t\t\t\t\t\t\t\t\tEnfermedades \u00abIncurables\u00bb y CLT\n\t\t\t\t\t\t\t\t<\/div>\n\t\t\t\t<\/div>\n\t\t\t\t<section class=\"elementor-section elementor-inner-section elementor-element elementor-element-52b198e elementor-section-boxed elementor-section-height-default elementor-section-height-default\" data-id=\"52b198e\" data-element_type=\"section\" data-e-type=\"section\">\n\t\t\t\t\t\t<div class=\"elementor-container elementor-column-gap-default\">\n\t\t\t\t\t<div class=\"elementor-column elementor-col-50 elementor-inner-column elementor-element elementor-element-3b72692\" data-id=\"3b72692\" data-element_type=\"column\" data-e-type=\"column\">\n\t\t\t<div class=\"elementor-widget-wrap elementor-element-populated\">\n\t\t\t\t\t\t<div class=\"elementor-element elementor-element-90e866e elementor-invisible elementor-widget elementor-widget-text-editor\" data-id=\"90e866e\" data-element_type=\"widget\" data-e-type=\"widget\" data-settings=\"{&quot;_animation&quot;:&quot;fadeInUp&quot;,&quot;_animation_delay&quot;:500}\" data-widget_type=\"text-editor.default\">\n\t\t\t\t<div class=\"elementor-widget-container\">\n\t\t\t\t\t\t\t\t\tLuego de haberme introducido en el estudio de este nuevo paradigma hol\u00edstico desde hace mas de 20 a\u00f1os a trav\u00e9s del estudio y practica de un amplio espectro de \u00e1reas como la filosof\u00eda, psicolog\u00eda, esoterismo, astrolog\u00eda, nueva medicina germ\u00e1nica, PNL, hipnosis, etc. logr\u00e9 sanarme a m\u00ed mismo de \u201cenfermedades\u201d incurables para la medicina tradicional. As\u00ed empezaron a recurrir a m\u00ed amigos y conocidos a que los ayudara a sanar sus problemas, durante a\u00f1os estuve haciendo esto gratuitamente hasta que un d\u00eda sent\u00ed que ten\u00eda que hacerlo como una actividad profesional.<br><br>\n\nYa a esta altura hab\u00eda hecho un intenso trabajo interno , que luego al leer los descubrimientos del Dr. Jean Pierre Garnier encuentro la confirmaci\u00f3n cient\u00edfica de que hab\u00eda ido por el camino correcto\u2026. me hab\u00eda dejado guiar por lo que Garnier llama el doble (y que para la iglesia cat\u00f3lica es el esp\u00edritu santo).\t\t\t\t\t\t\t\t<\/div>\n\t\t\t\t<\/div>\n\t\t\t\t\t<\/div>\n\t\t<\/div>\n\t\t\t\t<div class=\"elementor-column elementor-col-50 elementor-inner-column elementor-element elementor-element-62ba7c1\" data-id=\"62ba7c1\" data-element_type=\"column\" data-e-type=\"column\">\n\t\t\t<div class=\"elementor-widget-wrap elementor-element-populated\">\n\t\t\t\t\t\t<div class=\"elementor-element elementor-element-80c608a elementor-invisible elementor-widget elementor-widget-text-editor\" data-id=\"80c608a\" data-element_type=\"widget\" data-e-type=\"widget\" data-settings=\"{&quot;_animation&quot;:&quot;fadeInUp&quot;,&quot;_animation_delay&quot;:500}\" data-widget_type=\"text-editor.default\">\n\t\t\t\t<div class=\"elementor-widget-container\">\n\t\t\t\t\t\t\t\t\tEntonces un d\u00eda en la consulta asesorando a una se\u00f1ora que su m\u00e9dico le hab\u00eda dicho que ten\u00eda como m\u00e1ximo 3 meses de vida,luego de 5 a\u00f1os de haber estado trat\u00e1ndose por un c\u00e1ncer que la hab\u00eda consumido al punto de pesar 40 kg, ese d\u00eda intent\u00e9 todas las t\u00e9cnicas que conoc\u00eda (PNL, hipnosis, gestal, vegetoterapia, etc.) para tratar que esta persona saliera de esa situaci\u00f3n, con un alto grado de frustraci\u00f3n al ver que no pod\u00eda ayudarla, en ese momento, luego de un gran suspiro y de una manera autom\u00e1tica (o inconsciente) acept\u00e9 mi incapacidad en darle una mano, entonces de pronto sent\u00ed una enorme calma que me invad\u00eda cerr\u00e9 los ojos y comenc\u00e9 a hablar: eran palabras no pensadas, solo flu\u00edan y en realidad no sab\u00eda que estaba diciendo ni por qu\u00e9, pero media hora despu\u00e9s no tenia duda alguna que esta persona se estaba sanando, y as\u00ed fue, a los 45 d\u00edas se hizo todos los estudios y no hab\u00eda m\u00e1s nada, estaba totalmente sana, y al d\u00eda de hoy sigue asi. <br><br>\n\nCon el tiempo fui entendiendo lo que hab\u00eda hecho y as\u00ed comenc\u00e9 a aplicarla con m\u00e1s confianza y me di cuenta que se hab\u00eda abierto ante mis ojos el \u201cEL GRAN SECRETO\u201d.\t\t\t\t\t\t\t\t<\/div>\n\t\t\t\t<\/div>\n\t\t\t\t\t<\/div>\n\t\t<\/div>\n\t\t\t\t\t<\/div>\n\t\t<\/section>\n\t\t\t\t\t<\/div>\n\t\t<\/div>\n\t\t\t\t\t<\/div>\n\t\t<\/section>\n\t\t\t\t<section class=\"elementor-section elementor-top-section elementor-element elementor-element-69ff2e53 elementor-section-boxed elementor-section-height-default elementor-section-height-default\" data-id=\"69ff2e53\" data-element_type=\"section\" data-e-type=\"section\" data-settings=\"{&quot;background_background&quot;:&quot;classic&quot;,&quot;shape_divider_top&quot;:&quot;split&quot;}\">\n\t\t\t\t\t\t\t<div class=\"elementor-background-overlay\"><\/div>\n\t\t\t\t\t\t<div class=\"elementor-shape elementor-shape-top\" aria-hidden=\"true\" data-negative=\"false\">\n\t\t\t<svg xmlns=\"http:\/\/www.w3.org\/2000\/svg\" viewBox=\"0 0 1000 20\" preserveAspectRatio=\"none\">\n\t<path class=\"elementor-shape-fill\" d=\"M0,0v3c0,0,393.8,0,483.4,0c9.2,0,16.6,7.4,16.6,16.6c0-9.1,7.4-16.6,16.6-16.6C606.2,3,1000,3,1000,3V0H0z\"\/>\n<\/svg>\t\t<\/div>\n\t\t\t\t\t<div class=\"elementor-container elementor-column-gap-default\">\n\t\t\t\t\t<div class=\"elementor-column elementor-col-100 elementor-top-column elementor-element elementor-element-2707d618\" data-id=\"2707d618\" data-element_type=\"column\" data-e-type=\"column\">\n\t\t\t<div class=\"elementor-widget-wrap elementor-element-populated\">\n\t\t\t\t\t\t<div class=\"elementor-element elementor-element-466a5f7e elementor-widget elementor-widget-heading\" data-id=\"466a5f7e\" data-element_type=\"widget\" data-e-type=\"widget\" data-widget_type=\"heading.default\">\n\t\t\t\t<div class=\"elementor-widget-container\">\n\t\t\t\t\t<h2 class=\"elementor-heading-title elementor-size-default\">\u00bfC\u00f3mo puedo utilizar el <br>Cambio de L\u00ednea de Tiempo?\n<\/h2>\t\t\t\t<\/div>\n\t\t\t\t<\/div>\n\t\t\t\t<div class=\"elementor-element elementor-element-35e2f77 elementor-invisible elementor-widget elementor-widget-heading\" data-id=\"35e2f77\" data-element_type=\"widget\" data-e-type=\"widget\" data-settings=\"{&quot;_animation&quot;:&quot;fadeInUp&quot;,&quot;_animation_delay&quot;:500}\" data-widget_type=\"heading.default\">\n\t\t\t\t<div class=\"elementor-widget-container\">\n\t\t\t\t\t<h2 class=\"elementor-heading-title elementor-size-default\">Quienes tomen el curso pueden aplicar sus propios conocimientos y adem\u00e1s incluir esta herramienta para potenciar espectacularmente los resultados de sus pacientes y\/o clientes.\n<\/h2>\t\t\t\t<\/div>\n\t\t\t\t<\/div>\n\t\t\t\t<section class=\"elementor-section elementor-inner-section elementor-element elementor-element-4079b36 elementor-section-boxed elementor-section-height-default elementor-section-height-default\" data-id=\"4079b36\" data-element_type=\"section\" data-e-type=\"section\">\n\t\t\t\t\t\t<div class=\"elementor-container elementor-column-gap-default\">\n\t\t\t\t\t<div class=\"elementor-column elementor-col-100 elementor-inner-column elementor-element elementor-element-aecdf03\" data-id=\"aecdf03\" data-element_type=\"column\" data-e-type=\"column\">\n\t\t\t<div class=\"elementor-widget-wrap elementor-element-populated\">\n\t\t\t\t\t\t<div class=\"elementor-element elementor-element-4fbc07b elementor-invisible elementor-widget elementor-widget-heading\" data-id=\"4fbc07b\" data-element_type=\"widget\" data-e-type=\"widget\" data-settings=\"{&quot;_animation&quot;:&quot;fadeInUp&quot;,&quot;_animation_delay&quot;:500}\" data-widget_type=\"heading.default\">\n\t\t\t\t<div class=\"elementor-widget-container\">\n\t\t\t\t\t<h2 class=\"elementor-heading-title elementor-size-default\">Tambi\u00e9n puede ser utilizada exclusivamente, osea ser especialista del CLT y as\u00ed desarrollar una novedosa profesi\u00f3n con un enorme potencial de expansi\u00f3n.<\/h2>\t\t\t\t<\/div>\n\t\t\t\t<\/div>\n\t\t\t\t\t<\/div>\n\t\t<\/div>\n\t\t\t\t\t<\/div>\n\t\t<\/section>\n\t\t\t\t<div class=\"elementor-element elementor-element-e8b30c9 elementor-widget elementor-widget-spacer\" data-id=\"e8b30c9\" data-element_type=\"widget\" data-e-type=\"widget\" data-widget_type=\"spacer.default\">\n\t\t\t\t<div class=\"elementor-widget-container\">\n\t\t\t\t\t\t\t<div class=\"elementor-spacer\">\n\t\t\t<div class=\"elementor-spacer-inner\"><\/div>\n\t\t<\/div>\n\t\t\t\t\t\t<\/div>\n\t\t\t\t<\/div>\n\t\t\t\t<div class=\"elementor-element elementor-element-f025cdd elementor-mobile-align-center elementor-align-center elementor-widget elementor-widget-button\" data-id=\"f025cdd\" data-element_type=\"widget\" data-e-type=\"widget\" data-widget_type=\"button.default\">\n\t\t\t\t<div class=\"elementor-widget-container\">\n\t\t\t\t\t\t\t\t\t<div class=\"elementor-button-wrapper\">\n\t\t\t\t\t<a class=\"elementor-button elementor-button-link elementor-size-md elementor-animation-grow\" href=\"#\">\n\t\t\t\t\t\t<span class=\"elementor-button-content-wrapper\">\n\t\t\t\t\t\t\t\t\t<span class=\"elementor-button-text\">Ver Curso<\/span>\n\t\t\t\t\t<\/span>\n\t\t\t\t\t<\/a>\n\t\t\t\t<\/div>\n\t\t\t\t\t\t\t\t<\/div>\n\t\t\t\t<\/div>\n\t\t\t\t\t<\/div>\n\t\t<\/div>\n\t\t\t\t\t<\/div>\n\t\t<\/section>\n\t\t\t\t<\/div>\n\t\t","protected":false},"excerpt":{"rendered":"<p>CAMBIO DE LINEA DE TIEMPO (CLT) Dada la situaci\u00f3n mundial actual, m\u00e1s que nunca no tengo dudas que tomar el curso de CLT (Cambio de L\u00ednea de Tiempo), generar\u00e1 una revoluci\u00f3n ampliamente positiva en su vida, no solo por saber c\u00f3mo sanarnos, anticiparnos a cualquier enfermedad que nos pudiese afectar, y\/o ayudar a sanar a [&hellip;]<\/p>\n","protected":false},"author":1,"featured_media":0,"parent":0,"menu_order":0,"comment_status":"closed","ping_status":"closed","template":"elementor_header_footer","meta":{"_joinchat":[],"footnotes":""},"class_list":["post-265","page","type-page","status-publish","hentry"],"_links":{"self":[{"href":"https:\/\/cursosbiodescodificacion.com\/cursos\/wp-json\/wp\/v2\/pages\/265","targetHints":{"allow":["GET"]}}],"collection":[{"href":"https:\/\/cursosbiodescodificacion.com\/cursos\/wp-json\/wp\/v2\/pages"}],"about":[{"href":"https:\/\/cursosbiodescodificacion.com\/cursos\/wp-json\/wp\/v2\/types\/page"}],"author":[{"embeddable":true,"href":"https:\/\/cursosbiodescodificacion.com\/cursos\/wp-json\/wp\/v2\/users\/1"}],"replies":[{"embeddable":true,"href":"https:\/\/cursosbiodescodificacion.com\/cursos\/wp-json\/wp\/v2\/comments?post=265"}],"version-history":[{"count":40,"href":"https:\/\/cursosbiodescodificacion.com\/cursos\/wp-json\/wp\/v2\/pages\/265\/revisions"}],"predecessor-version":[{"id":817,"href":"https:\/\/cursosbiodescodificacion.com\/cursos\/wp-json\/wp\/v2\/pages\/265\/revisions\/817"}],"wp:attachment":[{"href":"https:\/\/cursosbiodescodificacion.com\/cursos\/wp-json\/wp\/v2\/media?parent=265"}],"curies":[{"name":"wp","href":"https:\/\/api.w.org\/{rel}","templated":true}]}}